{"id":267,"date":"2016-07-15T00:20:25","date_gmt":"2016-07-14T23:20:25","guid":{"rendered":"https:\/\/www.mandalidis.ch\/de\/?page_id=267"},"modified":"2022-12-22T17:57:46","modified_gmt":"2022-12-22T16:57:46","slug":"mentoring","status":"publish","type":"page","link":"https:\/\/www.mandalidis.ch\/de\/mentoring\/","title":{"rendered":"Mentoring &#8211; dein pers\u00f6nlicher Berufsweg"},"content":{"rendered":"<h3><!--more-->Ich begleite dich dabei, deine F\u00e4higkeiten und Talente in die Praxis umzusetzen.<\/h3>\n<p>Angebot:<\/p>\n<ul>\n<li>Beratung, um deinen beruflichen Weg zu finden<\/li>\n<li>Beratung bei der Suche nach einer neuen Arbeitsstelle<\/li>\n<li>Unterst\u00fctzung w\u00e4hrend deines Studiums oder der Entwicklung eines Projekts<\/li>\n<li>Karriereentwicklung und Einf\u00fchrung der ersten Schritte<\/li>\n<li>Unterst\u00fctzung bei einer neuen Rolle in der Personalf\u00fchrung<\/li>\n<li>Beratung bei der Gr\u00fcndung und F\u00fchrung eines neuen Teams.<\/li>\n<\/ul>\n<p>Auf Wunsch Mentoring-Sitzungen, um gemeinsam deine Talente und F\u00e4higkeiten zu erkennen.\u00a0 Ich berate dich, wie du diese am besten einsetzen kannst, damit sie dich in deinem Umfeld unterst\u00fctzen. Es ist mir wichtig, deinen Handlungsspielraum durch konkrete Ratschl\u00e4ge zu erweitern.<\/p>\n<p>Tarif: 250 CHF\/Stunde<\/p>\n<h4><a href=\"https:\/\/calendly.com\/helenemandalidis\/kennenlernengespraech\" class=\"btn1\"><i class=\"fa fa-calendar\" aria-hiddden=\"true\"><\/i>  Buche dein kostenloses Kennenlerngespr\u00e4ch jetzt<\/a><\/h4>\n<p><strong>\u00a0Ich freue mich auf dich.<\/strong><\/p>\n<span class=\"et_bloom_bottom_trigger\"><\/span>","protected":false},"excerpt":{"rendered":"","protected":false},"author":1,"featured_media":2571,"parent":0,"menu_order":2,"comment_status":"closed","ping_status":"closed","template":"page-seuleoffre.php","meta":[],"categories":[],"yoast_head":"<!-- This site is optimized with the Yoast SEO plugin v20.6 - https:\/\/yoast.com\/wordpress\/plugins\/seo\/ -->\n<title>Mentoring - dein pers\u00f6nlicher Berufsweg - Helene Mandalidis<\/title>\n<meta name=\"description\" content=\"Haben Sie eine neue F\u00fchrungsrolle oder sind Sie auf der Suche nach einer neuen Stelle? Kontaktieren Sie mich f\u00fcr ein pers\u00f6nliches Mentoring.\" \/>\n<meta name=\"robots\" content=\"index, follow, max-snippet:-1, max-image-preview:large, max-video-preview:-1\" \/>\n<link rel=\"canonical\" href=\"https:\/\/www.mandalidis.ch\/de\/mentoring\/\" \/>\n<meta property=\"og:locale\" content=\"de_DE\" \/>\n<meta property=\"og:type\" content=\"article\" \/>\n<meta property=\"og:title\" content=\"Mentoring - dein pers\u00f6nlicher Berufsweg - Helene Mandalidis\" \/>\n<meta property=\"og:description\" content=\"Haben Sie eine neue F\u00fchrungsrolle oder sind Sie auf der Suche nach einer neuen Stelle? Kontaktieren Sie mich f\u00fcr ein pers\u00f6nliches Mentoring.\" \/>\n<meta property=\"og:url\" content=\"https:\/\/www.mandalidis.ch\/de\/mentoring\/\" \/>\n<meta property=\"og:site_name\" content=\"Mandalidis Coaching S\u00e0rl\" \/>\n<meta property=\"article:modified_time\" content=\"2022-12-22T16:57:46+00:00\" \/>\n<meta property=\"og:image\" content=\"https:\/\/www.mandalidis.ch\/coaching\/2021\/02\/9F219B73-1E6F-43FB-9F0D-04750ACE46DE_1_201_a-scaled.jpeg\" \/>\n\t<meta property=\"og:image:width\" content=\"2048\" \/>\n\t<meta property=\"og:image:height\" content=\"2048\" \/>\n\t<meta property=\"og:image:type\" content=\"image\/jpeg\" \/>\n<meta name=\"twitter:card\" content=\"summary_large_image\" \/>\n<meta name=\"twitter:label1\" content=\"Est. reading time\" \/>\n\t<meta name=\"twitter:data1\" content=\"1 minute\" \/>\n<script type=\"application\/ld+json\" class=\"yoast-schema-graph\">{\"@context\":\"https:\/\/schema.org\",\"@graph\":[{\"@type\":\"WebPage\",\"@id\":\"https:\/\/www.mandalidis.ch\/de\/mentoring\/\",\"url\":\"https:\/\/www.mandalidis.ch\/de\/mentoring\/\",\"name\":\"Mentoring - dein pers\u00f6nlicher Berufsweg - Helene Mandalidis\",\"isPartOf\":{\"@id\":\"https:\/\/www.mandalidis.ch\/#website\"},\"datePublished\":\"2016-07-14T23:20:25+00:00\",\"dateModified\":\"2022-12-22T16:57:46+00:00\",\"description\":\"Haben Sie eine neue F\u00fchrungsrolle oder sind Sie auf der Suche nach einer neuen Stelle? Kontaktieren Sie mich f\u00fcr ein pers\u00f6nliches Mentoring.\",\"breadcrumb\":{\"@id\":\"https:\/\/www.mandalidis.ch\/de\/mentoring\/#breadcrumb\"},\"inLanguage\":\"de-DE\",\"potentialAction\":[{\"@type\":\"ReadAction\",\"target\":[\"https:\/\/www.mandalidis.ch\/de\/mentoring\/\"]}]},{\"@type\":\"BreadcrumbList\",\"@id\":\"https:\/\/www.mandalidis.ch\/de\/mentoring\/#breadcrumb\",\"itemListElement\":[{\"@type\":\"ListItem\",\"position\":1,\"name\":\"Accueil\",\"item\":\"https:\/\/www.mandalidis.ch\/de\/\"},{\"@type\":\"ListItem\",\"position\":2,\"name\":\"Mentoring &#8211; dein pers\u00f6nlicher Berufsweg\"}]},{\"@type\":\"WebSite\",\"@id\":\"https:\/\/www.mandalidis.ch\/#website\",\"url\":\"https:\/\/www.mandalidis.ch\/\",\"name\":\"Mandalidis Coaching S\u00e0rl\",\"description\":\"Business Coaching - Mentoring - Training\",\"publisher\":{\"@id\":\"https:\/\/www.mandalidis.ch\/#organization\"},\"potentialAction\":[{\"@type\":\"SearchAction\",\"target\":{\"@type\":\"EntryPoint\",\"urlTemplate\":\"https:\/\/www.mandalidis.ch\/?s={search_term_string}\"},\"query-input\":\"required name=search_term_string\"}],\"inLanguage\":\"de-DE\"},{\"@type\":\"Organization\",\"@id\":\"https:\/\/www.mandalidis.ch\/#organization\",\"name\":\"Mandalidis GmbH\",\"url\":\"https:\/\/www.mandalidis.ch\/\",\"logo\":{\"@type\":\"ImageObject\",\"inLanguage\":\"de-DE\",\"@id\":\"https:\/\/www.mandalidis.ch\/#\/schema\/logo\/image\/\",\"url\":\"https:\/\/www.mandalidis.ch\/coaching\/2020\/09\/Logo_Mandalidis_f_bleu_petit.png\",\"contentUrl\":\"https:\/\/www.mandalidis.ch\/coaching\/2020\/09\/Logo_Mandalidis_f_bleu_petit.png\",\"width\":364,\"height\":365,\"caption\":\"Mandalidis GmbH\"},\"image\":{\"@id\":\"https:\/\/www.mandalidis.ch\/#\/schema\/logo\/image\/\"},\"sameAs\":[\"https:\/\/www.instagram.com\/helene_mandalidis_coaching\/\",\"http:\/\/www.linkedin.com\/in\/mandalidis\"]}]}<\/script>\n<!-- \/ Yoast SEO plugin. -->","yoast_head_json":{"title":"Mentoring - dein pers\u00f6nlicher Berufsweg - Helene Mandalidis","description":"Haben Sie eine neue F\u00fchrungsrolle oder sind Sie auf der Suche nach einer neuen Stelle? Kontaktieren Sie mich f\u00fcr ein pers\u00f6nliches Mentoring.","robots":{"index":"index","follow":"follow","max-snippet":"max-snippet:-1","max-image-preview":"max-image-preview:large","max-video-preview":"max-video-preview:-1"},"canonical":"https:\/\/www.mandalidis.ch\/de\/mentoring\/","og_locale":"de_DE","og_type":"article","og_title":"Mentoring - dein pers\u00f6nlicher Berufsweg - Helene Mandalidis","og_description":"Haben Sie eine neue F\u00fchrungsrolle oder sind Sie auf der Suche nach einer neuen Stelle? Kontaktieren Sie mich f\u00fcr ein pers\u00f6nliches Mentoring.","og_url":"https:\/\/www.mandalidis.ch\/de\/mentoring\/","og_site_name":"Mandalidis Coaching S\u00e0rl","article_modified_time":"2022-12-22T16:57:46+00:00","og_image":[{"width":2048,"height":2048,"url":"https:\/\/www.mandalidis.ch\/coaching\/2021\/02\/9F219B73-1E6F-43FB-9F0D-04750ACE46DE_1_201_a-scaled.jpeg","type":"image\/jpeg"}],"twitter_card":"summary_large_image","twitter_misc":{"Est. reading time":"1 minute"},"schema":{"@context":"https:\/\/schema.org","@graph":[{"@type":"WebPage","@id":"https:\/\/www.mandalidis.ch\/de\/mentoring\/","url":"https:\/\/www.mandalidis.ch\/de\/mentoring\/","name":"Mentoring - dein pers\u00f6nlicher Berufsweg - Helene Mandalidis","isPartOf":{"@id":"https:\/\/www.mandalidis.ch\/#website"},"datePublished":"2016-07-14T23:20:25+00:00","dateModified":"2022-12-22T16:57:46+00:00","description":"Haben Sie eine neue F\u00fchrungsrolle oder sind Sie auf der Suche nach einer neuen Stelle? Kontaktieren Sie mich f\u00fcr ein pers\u00f6nliches Mentoring.","breadcrumb":{"@id":"https:\/\/www.mandalidis.ch\/de\/mentoring\/#breadcrumb"},"inLanguage":"de-DE","potentialAction":[{"@type":"ReadAction","target":["https:\/\/www.mandalidis.ch\/de\/mentoring\/"]}]},{"@type":"BreadcrumbList","@id":"https:\/\/www.mandalidis.ch\/de\/mentoring\/#breadcrumb","itemListElement":[{"@type":"ListItem","position":1,"name":"Accueil","item":"https:\/\/www.mandalidis.ch\/de\/"},{"@type":"ListItem","position":2,"name":"Mentoring &#8211; dein pers\u00f6nlicher Berufsweg"}]},{"@type":"WebSite","@id":"https:\/\/www.mandalidis.ch\/#website","url":"https:\/\/www.mandalidis.ch\/","name":"Mandalidis Coaching S\u00e0rl","description":"Business Coaching - Mentoring - Training","publisher":{"@id":"https:\/\/www.mandalidis.ch\/#organization"},"potentialAction":[{"@type":"SearchAction","target":{"@type":"EntryPoint","urlTemplate":"https:\/\/www.mandalidis.ch\/?s={search_term_string}"},"query-input":"required name=search_term_string"}],"inLanguage":"de-DE"},{"@type":"Organization","@id":"https:\/\/www.mandalidis.ch\/#organization","name":"Mandalidis GmbH","url":"https:\/\/www.mandalidis.ch\/","logo":{"@type":"ImageObject","inLanguage":"de-DE","@id":"https:\/\/www.mandalidis.ch\/#\/schema\/logo\/image\/","url":"https:\/\/www.mandalidis.ch\/coaching\/2020\/09\/Logo_Mandalidis_f_bleu_petit.png","contentUrl":"https:\/\/www.mandalidis.ch\/coaching\/2020\/09\/Logo_Mandalidis_f_bleu_petit.png","width":364,"height":365,"caption":"Mandalidis GmbH"},"image":{"@id":"https:\/\/www.mandalidis.ch\/#\/schema\/logo\/image\/"},"sameAs":["https:\/\/www.instagram.com\/helene_mandalidis_coaching\/","http:\/\/www.linkedin.com\/in\/mandalidis"]}]}},"acf":[],"_links":{"self":[{"href":"https:\/\/www.mandalidis.ch\/de\/wp-json\/wp\/v2\/pages\/267"}],"collection":[{"href":"https:\/\/www.mandalidis.ch\/de\/wp-json\/wp\/v2\/pages"}],"about":[{"href":"https:\/\/www.mandalidis.ch\/de\/wp-json\/wp\/v2\/types\/page"}],"author":[{"embeddable":true,"href":"https:\/\/www.mandalidis.ch\/de\/wp-json\/wp\/v2\/users\/1"}],"replies":[{"embeddable":true,"href":"https:\/\/www.mandalidis.ch\/de\/wp-json\/wp\/v2\/comments?post=267"}],"version-history":[{"count":3,"href":"https:\/\/www.mandalidis.ch\/de\/wp-json\/wp\/v2\/pages\/267\/revisions"}],"predecessor-version":[{"id":4235,"href":"https:\/\/www.mandalidis.ch\/de\/wp-json\/wp\/v2\/pages\/267\/revisions\/4235"}],"wp:featuredmedia":[{"embeddable":true,"href":"https:\/\/www.mandalidis.ch\/de\/wp-json\/wp\/v2\/media\/2571"}],"wp:attachment":[{"href":"https:\/\/www.mandalidis.ch\/de\/wp-json\/wp\/v2\/media?parent=267"}],"wp:term":[{"taxonomy":"category","embeddable":true,"href":"https:\/\/www.mandalidis.ch\/de\/wp-json\/wp\/v2\/categories?post=267"}],"curies":[{"name":"wp","href":"https:\/\/api.w.org\/{rel}","templated":true}]}}